{"id":1308,"date":"2022-04-04T12:29:19","date_gmt":"2022-04-04T10:29:19","guid":{"rendered":"http:\/\/wabo.pl\/about-company\/"},"modified":"2022-05-25T09:32:40","modified_gmt":"2022-05-25T07:32:40","slug":"about-company","status":"publish","type":"page","link":"https:\/\/wabo.pl\/en\/about-company\/","title":{"rendered":"About the company &#8211; old"},"content":{"rendered":"\t\t<div data-elementor-type=\"wp-page\" data-elementor-id=\"1308\" class=\"elementor elementor-1308 elementor-192\" data-elementor-post-type=\"page\">\n\t\t\t\t<div class=\"elementor-element elementor-element-b269089 e-con-full e-flex e-con e-parent\" data-id=\"b269089\" data-element_type=\"container\" data-e-type=\"container\" data-settings=\"{&quot;background_background&quot;:&quot;classic&quot;}\">\n\t\t<div class=\"elementor-element elementor-element-08aa4ba e-flex e-con-boxed e-con e-parent\" data-id=\"08aa4ba\" data-element_type=\"container\" data-e-type=\"container\">\n\t\t\t\t\t<div class=\"e-con-inner\">\n\t\t\t\t<div class=\"elementor-element elementor-element-09d9b3d elementor-widget elementor-widget-heading\" data-id=\"09d9b3d\" data-element_type=\"widget\" data-e-type=\"widget\" data-widget_type=\"heading.default\">\n\t\t\t\t<div class=\"elementor-widget-container\">\n\t\t\t\t\t<h1 class=\"elementor-heading-title elementor-size-default\">ABOUT COMPANY<\/h1>\t\t\t\t<\/div>\n\t\t\t\t<\/div>\n\t\t\t\t<div class=\"elementor-element elementor-element-6236fb7 elementor-widget elementor-widget-text-editor\" data-id=\"6236fb7\" data-element_type=\"widget\" data-e-type=\"widget\" data-widget_type=\"text-editor.default\">\n\t\t\t\t<div class=\"elementor-widget-container\">\n\t\t\t\t\t\t\t\t\t<p>WABO Sp. z o.o., a company which works with freezing of fruit and vegetables started its activity in 2010. Currently, we employ over 100 employees, and the company&#8217;s facilities are among the most modern in Poland.<\/p>\t\t\t\t\t\t\t\t<\/div>\n\t\t\t\t<\/div>\n\t\t<div class=\"elementor-element elementor-element-687533d elementor-hidden-tablet e-flex e-con-boxed e-con e-parent\" data-id=\"687533d\" data-element_type=\"container\" data-e-type=\"container\">\n\t\t\t\t\t<div class=\"e-con-inner\">\n\t\t<div class=\"elementor-element elementor-element-66cdbab e-con-full e-flex e-con e-parent\" data-id=\"66cdbab\" data-element_type=\"container\" data-e-type=\"container\">\n\t\t\t\t<div class=\"elementor-element elementor-element-16b4573 elementor-widget elementor-widget-image\" data-id=\"16b4573\" data-element_type=\"widget\" data-e-type=\"widget\" data-widget_type=\"image.default\">\n\t\t\t\t<div class=\"elementor-widget-container\">\n\t\t\t\t\t\t\t\t\t\t\t\t\t\t\t<img fetchpriority=\"high\" decoding=\"async\" width=\"800\" height=\"558\" src=\"https:\/\/wabo.pl\/wp-content\/uploads\/2022\/04\/car-1024x714.jpg\" class=\"attachment-large size-large wp-image-1216\" alt=\"\" srcset=\"https:\/\/wabo.pl\/wp-content\/uploads\/2022\/04\/car-1024x714.jpg 1024w, https:\/\/wabo.pl\/wp-content\/uploads\/2022\/04\/car-300x209.jpg 300w, https:\/\/wabo.pl\/wp-content\/uploads\/2022\/04\/car-768x536.jpg 768w, https:\/\/wabo.pl\/wp-content\/uploads\/2022\/04\/car-1536x1071.jpg 1536w, https:\/\/wabo.pl\/wp-content\/uploads\/2022\/04\/car-2048x1428.jpg 2048w\" sizes=\"(max-width: 800px) 100vw, 800px\" \/>\t\t\t\t\t\t\t\t\t\t\t\t\t\t\t<\/div>\n\t\t\t\t<\/div>\n\t\t\t\t<\/div>\n\t\t<div class=\"elementor-element elementor-element-54b2b74 e-con-full e-flex e-con e-parent\" data-id=\"54b2b74\" data-element_type=\"container\" data-e-type=\"container\">\n\t\t\t\t<div class=\"elementor-element elementor-element-d6636c7 elementor-widget elementor-widget-text-editor\" data-id=\"d6636c7\" data-element_type=\"widget\" data-e-type=\"widget\" data-widget_type=\"text-editor.default\">\n\t\t\t\t<div class=\"elementor-widget-container\">\n\t\t\t\t\t\t\t\t\t<p>The production plants are located in fruit and vegetable basins in the Bia\u0142obrzeg and Krasnicki districts. The plant in Kra\u015bnik was established in 2016 within the scope of fruit and vegetable processing.<\/p>\t\t\t\t\t\t\t\t<\/div>\n\t\t\t\t<\/div>\n\t\t\t\t<\/div>\n\t\t\t\t\t<\/div>\n\t\t\t\t<\/div>\n\t\t\t\t\t<\/div>\n\t\t\t\t<\/div>\n\t\t\t\t<\/div>\n\t\t<div class=\"elementor-element elementor-element-ce049d4 e-con-full elementor-hidden-widescreen elementor-hidden-desktop elementor-hidden-laptop elementor-hidden-tablet_extra elementor-hidden-mobile e-flex e-con e-parent\" data-id=\"ce049d4\" data-element_type=\"container\" data-e-type=\"container\" data-settings=\"{&quot;background_background&quot;:&quot;classic&quot;}\">\n\t\t<div class=\"elementor-element elementor-element-a26cbcb e-con-full e-flex e-con e-parent\" data-id=\"a26cbcb\" data-element_type=\"container\" data-e-type=\"container\">\n\t\t\t\t<div class=\"elementor-element elementor-element-c4f8e2f elementor-widget elementor-widget-image\" data-id=\"c4f8e2f\" data-element_type=\"widget\" data-e-type=\"widget\" data-widget_type=\"image.default\">\n\t\t\t\t<div class=\"elementor-widget-container\">\n\t\t\t\t\t\t\t\t\t\t\t\t\t\t\t<img decoding=\"async\" width=\"800\" height=\"466\" src=\"https:\/\/wabo.pl\/wp-content\/uploads\/2022\/05\/car-1024x597.jpg\" class=\"attachment-large size-large wp-image-1718\" alt=\"\" srcset=\"https:\/\/wabo.pl\/wp-content\/uploads\/2022\/05\/car-1024x597.jpg 1024w, https:\/\/wabo.pl\/wp-content\/uploads\/2022\/05\/car-300x175.jpg 300w, https:\/\/wabo.pl\/wp-content\/uploads\/2022\/05\/car-768x448.jpg 768w, https:\/\/wabo.pl\/wp-content\/uploads\/2022\/05\/car-1536x896.jpg 1536w, https:\/\/wabo.pl\/wp-content\/uploads\/2022\/05\/car-2048x1195.jpg 2048w\" sizes=\"(max-width: 800px) 100vw, 800px\" \/>\t\t\t\t\t\t\t\t\t\t\t\t\t\t\t<\/div>\n\t\t\t\t<\/div>\n\t\t\t\t<\/div>\n\t\t<div class=\"elementor-element elementor-element-edc9cd0 e-flex e-con-boxed e-con e-parent\" data-id=\"edc9cd0\" data-element_type=\"container\" data-e-type=\"container\">\n\t\t\t\t\t<div class=\"e-con-inner\">\n\t\t\t\t<div class=\"elementor-element elementor-element-32066aa elementor-widget elementor-widget-text-editor\" data-id=\"32066aa\" data-element_type=\"widget\" data-e-type=\"widget\" data-widget_type=\"text-editor.default\">\n\t\t\t\t<div class=\"elementor-widget-container\">\n\t\t\t\t\t\t\t\t\t<p>The production plants are located in fruit and vegetable basins in the Bia\u0142obrzeg and Krasnicki districts. The plant in Kra\u015bnik was established in 2016 within the scope of fruit and vegetable processing.<\/p>\t\t\t\t\t\t\t\t<\/div>\n\t\t\t\t<\/div>\n\t\t\t\t\t<\/div>\n\t\t\t\t<\/div>\n\t\t\t\t<\/div>\n\t\t<div class=\"elementor-element elementor-element-218ba87 e-flex e-con-boxed e-con e-parent\" data-id=\"218ba87\" data-element_type=\"container\" data-e-type=\"container\" data-settings=\"{&quot;background_background&quot;:&quot;classic&quot;}\">\n\t\t\t\t\t<div class=\"e-con-inner\">\n\t\t\t\t<div class=\"elementor-element elementor-element-df14ec7 elementor-widget elementor-widget-heading\" data-id=\"df14ec7\" data-element_type=\"widget\" data-e-type=\"widget\" data-widget_type=\"heading.default\">\n\t\t\t\t<div class=\"elementor-widget-container\">\n\t\t\t\t\t<h3 class=\"elementor-heading-title elementor-size-default\">Plant Pnie<\/h3>\t\t\t\t<\/div>\n\t\t\t\t<\/div>\n\t\t\t\t<div class=\"elementor-element elementor-element-a685756 elementor-widget elementor-widget-image\" data-id=\"a685756\" data-element_type=\"widget\" data-e-type=\"widget\" data-widget_type=\"image.default\">\n\t\t\t\t<div class=\"elementor-widget-container\">\n\t\t\t\t\t\t\t\t\t\t\t\t\t\t\t<img decoding=\"async\" width=\"2560\" height=\"1403\" src=\"https:\/\/wabo.pl\/wp-content\/uploads\/2022\/05\/Zak\u253cead-Pnie-scaled.jpg\" class=\"attachment-full size-full wp-image-1294\" alt=\"\" srcset=\"https:\/\/wabo.pl\/wp-content\/uploads\/2022\/05\/Zak\u253cead-Pnie-scaled.jpg 2560w, https:\/\/wabo.pl\/wp-content\/uploads\/2022\/05\/Zak\u253cead-Pnie-300x164.jpg 300w, https:\/\/wabo.pl\/wp-content\/uploads\/2022\/05\/Zak\u253cead-Pnie-1024x561.jpg 1024w, https:\/\/wabo.pl\/wp-content\/uploads\/2022\/05\/Zak\u253cead-Pnie-768x421.jpg 768w, https:\/\/wabo.pl\/wp-content\/uploads\/2022\/05\/Zak\u253cead-Pnie-1536x842.jpg 1536w, https:\/\/wabo.pl\/wp-content\/uploads\/2022\/05\/Zak\u253cead-Pnie-2048x1122.jpg 2048w\" sizes=\"(max-width: 2560px) 100vw, 2560px\" \/>\t\t\t\t\t\t\t\t\t\t\t\t\t\t\t<\/div>\n\t\t\t\t<\/div>\n\t\t\t\t\t<\/div>\n\t\t\t\t<\/div>\n\t\t<div class=\"elementor-element elementor-element-42e229e e-flex e-con-boxed e-con e-parent\" data-id=\"42e229e\" data-element_type=\"container\" data-e-type=\"container\" data-settings=\"{&quot;background_background&quot;:&quot;classic&quot;}\">\n\t\t\t\t\t<div class=\"e-con-inner\">\n\t\t<div class=\"elementor-element elementor-element-1613620 e-con-full e-flex e-con e-parent\" data-id=\"1613620\" data-element_type=\"container\" data-e-type=\"container\">\n\t\t\t\t<div class=\"elementor-element elementor-element-bf39529 elementor-hidden-mobile elementor-widget elementor-widget-text-editor\" data-id=\"bf39529\" data-element_type=\"widget\" data-e-type=\"widget\" data-widget_type=\"text-editor.default\">\n\t\t\t\t<div class=\"elementor-widget-container\">\n\t\t\t\t\t\t\t\t\t<p>Many years of cooperation with suppliers allows us to<br>select the best raw materials to be able to<br>create the highest quality products while maintaining<br>all nutritional values and taste.<\/p>\t\t\t\t\t\t\t\t<\/div>\n\t\t\t\t<\/div>\n\t\t\t\t<div class=\"elementor-element elementor-element-c4810c4 elementor-hidden-widescreen elementor-hidden-desktop elementor-hidden-laptop elementor-hidden-tablet_extra elementor-hidden-tablet elementor-widget elementor-widget-text-editor\" data-id=\"c4810c4\" data-element_type=\"widget\" data-e-type=\"widget\" data-widget_type=\"text-editor.default\">\n\t\t\t\t<div class=\"elementor-widget-container\">\n\t\t\t\t\t\t\t\t\t<p>Many years of cooperation with suppliers allows us to select the best raw materials to be able to create the highest quality products while maintaining all nutritional values and taste.<\/p>\t\t\t\t\t\t\t\t<\/div>\n\t\t\t\t<\/div>\n\t\t\t\t<\/div>\n\t\t<div class=\"elementor-element elementor-element-90f2888 e-con-full e-flex e-con e-parent\" data-id=\"90f2888\" data-element_type=\"container\" data-e-type=\"container\">\n\t\t<div class=\"elementor-element elementor-element-4be4776 e-flex e-con-boxed e-con e-parent\" data-id=\"4be4776\" data-element_type=\"container\" data-e-type=\"container\">\n\t\t\t\t\t<div class=\"e-con-inner\">\n\t\t\t\t<div class=\"elementor-element elementor-element-e7e4cb4 elementor-widget elementor-widget-text-editor\" data-id=\"e7e4cb4\" data-element_type=\"widget\" data-e-type=\"widget\" data-widget_type=\"text-editor.default\">\n\t\t\t\t<div class=\"elementor-widget-container\">\n\t\t\t\t\t\t\t\t\t8500 m <sup>2<\/sup>\t\t\t\t\t\t\t\t<\/div>\n\t\t\t\t<\/div>\n\t\t\t\t<div class=\"elementor-element elementor-element-3f7c970 elementor-widget elementor-widget-text-editor\" data-id=\"3f7c970\" data-element_type=\"widget\" data-e-type=\"widget\" data-widget_type=\"text-editor.default\">\n\t\t\t\t<div class=\"elementor-widget-container\">\n\t\t\t\t\t\t\t\t\t<p>plant size in Pnie<\/p>\t\t\t\t\t\t\t\t<\/div>\n\t\t\t\t<\/div>\n\t\t\t\t\t<\/div>\n\t\t\t\t<\/div>\n\t\t<div class=\"elementor-element elementor-element-5d42a32 e-flex e-con-boxed e-con e-parent\" data-id=\"5d42a32\" data-element_type=\"container\" data-e-type=\"container\">\n\t\t\t\t\t<div class=\"e-con-inner\">\n\t\t\t\t<div class=\"elementor-element elementor-element-0692577 elementor-widget elementor-widget-text-editor\" data-id=\"0692577\" data-element_type=\"widget\" data-e-type=\"widget\" data-widget_type=\"text-editor.default\">\n\t\t\t\t<div class=\"elementor-widget-container\">\n\t\t\t\t\t\t\t\t\t6000 m <sup>2<\/sup>\t\t\t\t\t\t\t\t<\/div>\n\t\t\t\t<\/div>\n\t\t\t\t<div class=\"elementor-element elementor-element-25ce0cd elementor-widget elementor-widget-text-editor\" data-id=\"25ce0cd\" data-element_type=\"widget\" data-e-type=\"widget\" data-widget_type=\"text-editor.default\">\n\t\t\t\t<div class=\"elementor-widget-container\">\n\t\t\t\t\t\t\t\t\t<p>plant size in Kra\u015bnik<\/p>\t\t\t\t\t\t\t\t<\/div>\n\t\t\t\t<\/div>\n\t\t\t\t\t<\/div>\n\t\t\t\t<\/div>\n\t\t\t\t<\/div>\n\t\t<div class=\"elementor-element elementor-element-f790197 e-con-full e-flex e-con e-parent\" data-id=\"f790197\" data-element_type=\"container\" data-e-type=\"container\">\n\t\t\t\t<div class=\"elementor-element elementor-element-036257e elementor-widget__width-inherit elementor-widget elementor-widget-text-editor\" data-id=\"036257e\" data-element_type=\"widget\" data-e-type=\"widget\" data-widget_type=\"text-editor.default\">\n\t\t\t\t<div class=\"elementor-widget-container\">\n\t\t\t\t\t\t\t\t\t<p>Team of employees puts in a great deal of work and commitment to achieve the highest quality products that enjoy great satisfaction among customers.<\/p>\t\t\t\t\t\t\t\t<\/div>\n\t\t\t\t<\/div>\n\t\t\t\t<\/div>\n\t\t\t\t\t<\/div>\n\t\t\t\t<\/div>\n\t\t<div class=\"elementor-element elementor-element-a0817c7 e-flex e-con-boxed e-con e-parent\" data-id=\"a0817c7\" data-element_type=\"container\" data-e-type=\"container\" data-settings=\"{&quot;background_background&quot;:&quot;classic&quot;}\">\n\t\t\t\t\t<div class=\"e-con-inner\">\n\t\t\t\t<div class=\"elementor-element elementor-element-c5d3f72 elementor-widget elementor-widget-heading\" data-id=\"c5d3f72\" data-element_type=\"widget\" data-e-type=\"widget\" data-widget_type=\"heading.default\">\n\t\t\t\t<div class=\"elementor-widget-container\">\n\t\t\t\t\t<h3 class=\"elementor-heading-title elementor-size-default\">Plant Kra\u015bnik<\/h3>\t\t\t\t<\/div>\n\t\t\t\t<\/div>\n\t\t\t\t<div class=\"elementor-element elementor-element-fb16caa elementor-widget elementor-widget-image\" data-id=\"fb16caa\" data-element_type=\"widget\" data-e-type=\"widget\" data-widget_type=\"image.default\">\n\t\t\t\t<div class=\"elementor-widget-container\">\n\t\t\t\t\t\t\t\t\t\t\t\t\t\t\t<img loading=\"lazy\" decoding=\"async\" width=\"2560\" height=\"1399\" src=\"https:\/\/wabo.pl\/wp-content\/uploads\/2022\/05\/Zak\u253cead-Kras\u2560unik-scaled.jpg\" class=\"attachment-full size-full wp-image-1295\" alt=\"\" srcset=\"https:\/\/wabo.pl\/wp-content\/uploads\/2022\/05\/Zak\u253cead-Kras\u2560unik-scaled.jpg 2560w, https:\/\/wabo.pl\/wp-content\/uploads\/2022\/05\/Zak\u253cead-Kras\u2560unik-300x164.jpg 300w, https:\/\/wabo.pl\/wp-content\/uploads\/2022\/05\/Zak\u253cead-Kras\u2560unik-1024x560.jpg 1024w, https:\/\/wabo.pl\/wp-content\/uploads\/2022\/05\/Zak\u253cead-Kras\u2560unik-768x420.jpg 768w, https:\/\/wabo.pl\/wp-content\/uploads\/2022\/05\/Zak\u253cead-Kras\u2560unik-1536x839.jpg 1536w, https:\/\/wabo.pl\/wp-content\/uploads\/2022\/05\/Zak\u253cead-Kras\u2560unik-2048x1119.jpg 2048w\" sizes=\"(max-width: 2560px) 100vw, 2560px\" \/>\t\t\t\t\t\t\t\t\t\t\t\t\t\t\t<\/div>\n\t\t\t\t<\/div>\n\t\t\t\t\t<\/div>\n\t\t\t\t<\/div>\n\t\t<div class=\"elementor-element elementor-element-9caf1d7 e-flex e-con-boxed e-con e-parent\" data-id=\"9caf1d7\" data-element_type=\"container\" data-e-type=\"container\" data-settings=\"{&quot;background_background&quot;:&quot;classic&quot;}\">\n\t\t\t\t\t<div class=\"e-con-inner\">\n\t\t<div class=\"elementor-element elementor-element-796e41d e-con-full e-flex e-con e-parent\" data-id=\"796e41d\" data-element_type=\"container\" data-e-type=\"container\">\n\t\t\t\t<div class=\"elementor-element elementor-element-4f7ad9e elementor-widget elementor-widget-text-editor\" data-id=\"4f7ad9e\" data-element_type=\"widget\" data-e-type=\"widget\" data-widget_type=\"text-editor.default\">\n\t\t\t\t<div class=\"elementor-widget-container\">\n\t\t\t\t\t\t\t\t\t<p>In summer, we process mainly strawberries, cherries, raspberries, currants, rhubarb, apples, blueberries. In the remaining period, the work of the plant includes sorting, packaging, preparation of goods for shipment.<\/p>\t\t\t\t\t\t\t\t<\/div>\n\t\t\t\t<\/div>\n\t\t\t\t<\/div>\n\t\t<div class=\"elementor-element elementor-element-ec032bb e-con-full e-flex e-con e-parent\" data-id=\"ec032bb\" data-element_type=\"container\" data-e-type=\"container\">\n\t\t<div class=\"elementor-element elementor-element-5cd40bf e-con-full e-flex e-con e-parent\" data-id=\"5cd40bf\" data-element_type=\"container\" data-e-type=\"container\">\n\t\t\t\t<div class=\"elementor-element elementor-element-e177832 elementor-widget elementor-widget-image\" data-id=\"e177832\" data-element_type=\"widget\" data-e-type=\"widget\" data-widget_type=\"image.default\">\n\t\t\t\t<div class=\"elementor-widget-container\">\n\t\t\t\t\t\t\t\t\t\t\t\t\t\t\t<img loading=\"lazy\" decoding=\"async\" width=\"800\" height=\"525\" src=\"https:\/\/wabo.pl\/wp-content\/uploads\/2022\/04\/car-2-1024x672.jpg\" class=\"attachment-large size-large wp-image-1219\" alt=\"\" srcset=\"https:\/\/wabo.pl\/wp-content\/uploads\/2022\/04\/car-2-1024x672.jpg 1024w, https:\/\/wabo.pl\/wp-content\/uploads\/2022\/04\/car-2-300x197.jpg 300w, https:\/\/wabo.pl\/wp-content\/uploads\/2022\/04\/car-2-768x504.jpg 768w, https:\/\/wabo.pl\/wp-content\/uploads\/2022\/04\/car-2-1536x1009.jpg 1536w, https:\/\/wabo.pl\/wp-content\/uploads\/2022\/04\/car-2-2048x1345.jpg 2048w\" sizes=\"(max-width: 800px) 100vw, 800px\" \/>\t\t\t\t\t\t\t\t\t\t\t\t\t\t\t<\/div>\n\t\t\t\t<\/div>\n\t\t\t\t<\/div>\n\t\t<div class=\"elementor-element elementor-element-fa9b2de e-con-full e-flex e-con e-parent\" data-id=\"fa9b2de\" data-element_type=\"container\" data-e-type=\"container\">\n\t\t\t\t<div class=\"elementor-element elementor-element-310a913 elementor-widget elementor-widget-text-editor\" data-id=\"310a913\" data-element_type=\"widget\" data-e-type=\"widget\" data-widget_type=\"text-editor.default\">\n\t\t\t\t<div class=\"elementor-widget-container\">\n\t\t\t\t\t\t\t\t\t<p>Every day, WABO strives for greater development aimed at acquiring new outlets for manufactured products that meet the highest standards of quality and safety.<\/p>\t\t\t\t\t\t\t\t<\/div>\n\t\t\t\t<\/div>\n\t\t\t\t<\/div>\n\t\t\t\t<\/div>\n\t\t\t\t\t<\/div>\n\t\t\t\t<\/div>\n\t\t<div class=\"elementor-element elementor-element-c051ab8 e-flex e-con-boxed e-con e-parent\" data-id=\"c051ab8\" data-element_type=\"container\" data-e-type=\"container\">\n\t\t\t\t\t<div class=\"e-con-inner\">\n\t\t<div class=\"elementor-element elementor-element-5689bb7 e-con-full e-flex e-con e-parent\" data-id=\"5689bb7\" data-element_type=\"container\" data-e-type=\"container\">\n\t\t\t\t<div class=\"elementor-element elementor-element-c62b7ca elementor-widget elementor-widget-image\" data-id=\"c62b7ca\" data-element_type=\"widget\" data-e-type=\"widget\" data-widget_type=\"image.default\">\n\t\t\t\t<div class=\"elementor-widget-container\">\n\t\t\t\t\t\t\t\t\t\t\t\t\t\t\t<img loading=\"lazy\" decoding=\"async\" width=\"256\" height=\"171\" src=\"https:\/\/wabo.pl\/wp-content\/uploads\/2022\/04\/european_union_flag.png\" class=\"attachment-large size-large wp-image-1214\" alt=\"\" \/>\t\t\t\t\t\t\t\t\t\t\t\t\t\t\t<\/div>\n\t\t\t\t<\/div>\n\t\t\t\t<\/div>\n\t\t<div class=\"elementor-element elementor-element-7e278bd e-con-full e-flex e-con e-parent\" data-id=\"7e278bd\" data-element_type=\"container\" data-e-type=\"container\">\n\t\t\t\t<div class=\"elementor-element elementor-element-b62c601 elementor-widget elementor-widget-image\" data-id=\"b62c601\" data-element_type=\"widget\" data-e-type=\"widget\" data-widget_type=\"image.default\">\n\t\t\t\t<div class=\"elementor-widget-container\">\n\t\t\t\t\t\t\t\t\t\t\t\t\t\t\t<img loading=\"lazy\" decoding=\"async\" width=\"263\" height=\"171\" src=\"https:\/\/wabo.pl\/wp-content\/uploads\/2022\/04\/prow_logo.png\" class=\"attachment-large size-large wp-image-1215\" alt=\"\" \/>\t\t\t\t\t\t\t\t\t\t\t\t\t\t\t<\/div>\n\t\t\t\t<\/div>\n\t\t\t\t<\/div>\n\t\t<div class=\"elementor-element elementor-element-955236b e-con-full elementor-hidden-mobile e-flex e-con e-parent\" data-id=\"955236b\" data-element_type=\"container\" data-e-type=\"container\">\n\t\t\t\t<div class=\"elementor-element elementor-element-534bbce elementor-widget elementor-widget-text-editor\" data-id=\"534bbce\" data-element_type=\"widget\" data-e-type=\"widget\" data-widget_type=\"text-editor.default\">\n\t\t\t\t<div class=\"elementor-widget-container\">\n\t\t\t\t\t\t\t\t\t<p style=\"text-align: center;\">\u201eEuropejski Fundusz Rolny na rzecz Rozwoju Obszar\u00f3w Wiejskich: Europa inwestuj\u0105ca w obszary wiejskie\u201d. Operacja maj\u0105ca na celu: Budow\u0119 przechowalni owoc\u00f3w i warzyw oraz zakup maszyn, urz\u0105dze\u0144 i wyposa\u017cenia do zak\u0142adu przetw\u00f3rstwa owoc\u00f3w i warzyw w celu poprawy jego konkurencyjno\u015bci, wsp\u00f3\u0142finansowana jest ze \u015brodk\u00f3w Unii Europejskiej w ramach dzia\u0142ania \u201cWsparcie inwestycji w przetwarzanie produkt\u00f3w rolnych, obr\u00f3t nimi lub ich rozw\u00f3j\u201d. Programu Rozwoju Obszar\u00f3w Wiejskich na lata 2014-2020. Przewidywany wynik operacji\u201d poprawa konkurencyjno\u015bci poprzez wzrost warto\u015bci dodanej podstawowej produkcji rolnej\u201d<\/p>\t\t\t\t\t\t\t\t<\/div>\n\t\t\t\t<\/div>\n\t\t\t\t<\/div>\n\t\t\t\t\t<\/div>\n\t\t\t\t<\/div>\n\t\t\t\t<\/div>\n\t\t","protected":false},"excerpt":{"rendered":"<p>ABOUT COMPANY WABO Sp. z o.o., a company which works with freezing of fruit and vegetables started its activity in 2010. Currently, we employ over 100 employees, and the company&#8217;s facilities are among the most modern in Poland. The production plants are located in fruit and vegetable basins in the Bia\u0142obrzeg and Krasnicki districts. The [&hellip;]<\/p>\n","protected":false},"author":1,"featured_media":0,"parent":0,"menu_order":0,"comment_status":"closed","ping_status":"closed","template":"","meta":{"_acf_changed":false,"footnotes":""},"class_list":["post-1308","page","type-page","status-publish","hentry"],"acf":[],"_links":{"self":[{"href":"https:\/\/wabo.pl\/en\/wp-json\/wp\/v2\/pages\/1308","targetHints":{"allow":["GET"]}}],"collection":[{"href":"https:\/\/wabo.pl\/en\/wp-json\/wp\/v2\/pages"}],"about":[{"href":"https:\/\/wabo.pl\/en\/wp-json\/wp\/v2\/types\/page"}],"author":[{"embeddable":true,"href":"https:\/\/wabo.pl\/en\/wp-json\/wp\/v2\/users\/1"}],"replies":[{"embeddable":true,"href":"https:\/\/wabo.pl\/en\/wp-json\/wp\/v2\/comments?post=1308"}],"version-history":[{"count":25,"href":"https:\/\/wabo.pl\/en\/wp-json\/wp\/v2\/pages\/1308\/revisions"}],"predecessor-version":[{"id":3408,"href":"https:\/\/wabo.pl\/en\/wp-json\/wp\/v2\/pages\/1308\/revisions\/3408"}],"wp:attachment":[{"href":"https:\/\/wabo.pl\/en\/wp-json\/wp\/v2\/media?parent=1308"}],"curies":[{"name":"wp","href":"https:\/\/api.w.org\/{rel}","templated":true}]}}